{"id":19,"date":"2015-10-11T17:02:03","date_gmt":"2015-10-11T15:02:03","guid":{"rendered":"http:\/\/serwis.michaelblack.pl\/?page_id=19"},"modified":"2024-01-17T10:38:00","modified_gmt":"2024-01-17T09:38:00","slug":"o-nas","status":"publish","type":"page","link":"https:\/\/autoserwislubon.pl\/?page_id=19","title":{"rendered":"O nas"},"content":{"rendered":"<h2>Oto nasza kadra:<\/h2>\n<p><strong>Beniamin Wi\u015bniewski<\/strong> \u2013 w\u0142a\u015bciciel firmy, mechatronik i jednocze\u015bnie kierownik warsztatu, osoba decyzyjna, doradca techniczny. Zajmuje si\u0119 diagnostyk\u0105 i napraw\u0105 uk\u0142ad\u00f3w elektronicznych, modyfikacj\u0105 programow\u0105 sterownik\u00f3w silnika, profesjonalnym chiptuningiem i kompleksow\u0105 napraw\u0105 uk\u0142ad\u00f3w oczyszczania spalin Adblue, SCR, DPF, GPF, FAP, EGR.<\/p>\n<p>Posiada umiej\u0119tno\u015bci pozwalaj\u0105ce na kompleksowy serwis i napraw\u0119 uk\u0142ad\u00f3w bezpiecze\u0144stwa biernego i aktywnego. Uko\u0144czy\u0142 specjalistyczne szkolenie z zakresu modyfikacji oprogramowania sterownik\u00f3w silnika w firmie V Tech i MagicMotorSport.<br \/>\nOsi\u0105gni\u0119cia: I miejsce w Og\u00f3lnopolskim Konkursie Master Mechanic 2015 oraz II miejsce w Og\u00f3lnopolskim Konkursie Master Mechanic 2014 .<\/p>\n<p><strong>Grzegorz Wrzalik<\/strong> \u2013 mechanik, osoba bardzo sumienna i dok\u0142adna. Specjalizuje si\u0119 w obs\u0142udze i naprawie uk\u0142ad\u00f3w zwi\u0105zanych z jednostk\u0105 nap\u0119dow\u0105 czyli silnikiem, osprz\u0119tem silnika, uk\u0142adami wtryskowymi, rozrz\u0105dami, elementami przeniesienia nap\u0119du, uk\u0142adami do\u0142adowania, recyrkulacji spalin (EGR). Posiada wysokie kompetencje zawodowe w dziedzinie uk\u0142ad\u00f3w klimatyzacji, uk\u0142ad\u00f3w hamulcowych i uk\u0142ad\u00f3w jezdnych (zawieszenia).<\/p>\n<p><strong>Marek Budzi\u0144ski <\/strong>\u2013 elektromechanik, osoba niezwykle ambitna i pracowita. Dzi\u0119ki wytrwa\u0142o\u015bci i zaanga\u017cowaniu znajduje nawet najbardziej skomplikowane usterki. Specjalizuje si\u0119 w usuwaniu awarii w systemach elektronicznych. Permanentnie podnosi swoje umiej\u0119tno\u015bci i kompetencje zawodowe. Interesuje si\u0119 sportami motorowymi, a jego ulubione marki to BMW, Mercedes, Porsche, Citroen, Peugeot i Ford.<\/p>\n","protected":false},"excerpt":{"rendered":"<p>Oto nasza kadra: Beniamin Wi\u015bniewski \u2013 w\u0142a\u015bciciel firmy, mechatronik i jednocze\u015bnie kierownik warsztatu, osoba decyzyjna, doradca techniczny. Zajmuje si\u0119 diagnostyk\u0105 i napraw\u0105 uk\u0142ad\u00f3w elektronicznych, modyfikacj\u0105 programow\u0105 sterownik\u00f3w silnika, profesjonalnym chiptuningiem i kompleksow\u0105 napraw\u0105 uk\u0142ad\u00f3w oczyszczania spalin Adblue, SCR, DPF, GPF, FAP, EGR. Posiada umiej\u0119tno\u015bci pozwalaj\u0105ce na kompleksowy serwis i napraw\u0119 uk\u0142ad\u00f3w bezpiecze\u0144stwa biernego i aktywnego&#8230;.<\/p>\n","protected":false},"author":1,"featured_media":0,"parent":0,"menu_order":0,"comment_status":"closed","ping_status":"closed","template":"page-templates\/full-width.php","meta":{"footnotes":""},"_links":{"self":[{"href":"https:\/\/autoserwislubon.pl\/index.php?rest_route=\/wp\/v2\/pages\/19"}],"collection":[{"href":"https:\/\/autoserwislubon.pl\/index.php?rest_route=\/wp\/v2\/pages"}],"about":[{"href":"https:\/\/autoserwislubon.pl\/index.php?rest_route=\/wp\/v2\/types\/page"}],"author":[{"embeddable":true,"href":"https:\/\/autoserwislubon.pl\/index.php?rest_route=\/wp\/v2\/users\/1"}],"replies":[{"embeddable":true,"href":"https:\/\/autoserwislubon.pl\/index.php?rest_route=%2Fwp%2Fv2%2Fcomments&post=19"}],"version-history":[{"count":11,"href":"https:\/\/autoserwislubon.pl\/index.php?rest_route=\/wp\/v2\/pages\/19\/revisions"}],"predecessor-version":[{"id":269,"href":"https:\/\/autoserwislubon.pl\/index.php?rest_route=\/wp\/v2\/pages\/19\/revisions\/269"}],"wp:attachment":[{"href":"https:\/\/autoserwislubon.pl\/index.php?rest_route=%2Fwp%2Fv2%2Fmedia&parent=19"}],"curies":[{"name":"wp","href":"https:\/\/api.w.org\/{rel}","templated":true}]}}